{"id":72210,"date":"2024-08-12T19:16:47","date_gmt":"2024-08-12T22:16:47","guid":{"rendered":"https:\/\/guiadasmassagistas.com.br\/massagem\/?page_id=72210"},"modified":"2026-03-12T21:35:28","modified_gmt":"2026-03-13T00:35:28","slug":"guia-das-massagistas-quem-somos-e-termos-de-uso","status":"publish","type":"page","link":"https:\/\/guiadasmassagistas.com.br\/massagem\/teste\/guia-das-massagistas-quem-somos-e-termos-de-uso\/","title":{"rendered":"Guia das Massagistas &#8211; Quem Somos e Termos de Uso"},"content":{"rendered":"\t\t<div data-elementor-type=\"wp-page\" data-elementor-id=\"72210\" class=\"elementor elementor-72210\" data-elementor-settings=\"{&quot;ha_cmc_init_switcher&quot;:&quot;no&quot;}\">\n\t\t\t\t<div class=\"elementor-element elementor-element-f38acea e-flex e-con-boxed e-con e-parent\" data-id=\"f38acea\" data-element_type=\"container\" data-e-type=\"container\" data-settings=\"{&quot;_ha_eqh_enable&quot;:false}\">\n\t\t\t\t\t<div class=\"e-con-inner\">\n\t\t\t\t<div class=\"elementor-element elementor-element-c6ef5fb elementor-widget elementor-widget-image\" data-id=\"c6ef5fb\" data-element_type=\"widget\" data-e-type=\"widget\" data-widget_type=\"image.default\">\n\t\t\t\t<div class=\"elementor-widget-container\">\n\t\t\t\t\t\t\t\t\t\t\t\t<figure class=\"wp-caption\">\n\t\t\t\t\t\t\t\t\t\t\t<a href=\"https:\/\/api.whatsapp.com\/send?phone=5511958928152&#038;text=Quero%20receber%20fotos%20e%20contatos%20de%20lindas%20massagistas_site\" rel=\"nofollow noopener\" target=\"_blank\">\n\t\t\t\t\t\t\t<img fetchpriority=\"high\" decoding=\"async\" width=\"600\" height=\"338\" src=\"https:\/\/guiadasmassagistas.com.br\/massagem\/wp-content\/uploads\/2023\/07\/massagistas-no-seu-whats-app-guia-das-massagistas.webp\" class=\"attachment-large size-large wp-image-76275\" alt=\"Participe da lista de WhatsApp do Guia das Massagistas\" srcset=\"https:\/\/guiadasmassagistas.com.br\/massagem\/wp-content\/uploads\/2023\/07\/massagistas-no-seu-whats-app-guia-das-massagistas.webp 600w, https:\/\/guiadasmassagistas.com.br\/massagem\/wp-content\/uploads\/2023\/07\/massagistas-no-seu-whats-app-guia-das-massagistas-300x169.webp 300w\" sizes=\"(max-width: 600px) 100vw, 600px\" title=\"\">\t\t\t\t\t\t\t\t<\/a>\n\t\t\t\t\t\t\t\t\t\t\t<figcaption class=\"widget-image-caption wp-caption-text\">Clique e Receba Fotos e Novidades pelo WhatsApp<\/figcaption>\n\t\t\t\t\t\t\t\t\t\t<\/figure>\n\t\t\t\t\t\t\t\t\t<\/div>\n\t\t\t\t<\/div>\n\t\t\t\t\t<\/div>\n\t\t\t\t<\/div>\n\t\t\t\t<section class=\"elementor-section elementor-top-section elementor-element elementor-element-7d0a3c9d elementor-section-boxed elementor-section-height-default elementor-section-height-default\" data-id=\"7d0a3c9d\" data-element_type=\"section\" data-e-type=\"section\" data-settings=\"{&quot;_ha_eqh_enable&quot;:false}\">\n\t\t\t\t\t\t<div class=\"elementor-container elementor-column-gap-default\">\n\t\t\t\t\t<div class=\"elementor-column elementor-col-100 elementor-top-column elementor-element elementor-element-5e4acaea\" data-id=\"5e4acaea\" data-element_type=\"column\" data-e-type=\"column\">\n\t\t\t<div class=\"elementor-widget-wrap elementor-element-populated\">\n\t\t\t\t\t\t<div class=\"elementor-element elementor-element-66eb90ff elementor-widget elementor-widget-text-editor\" data-id=\"66eb90ff\" data-element_type=\"widget\" data-e-type=\"widget\" data-widget_type=\"text-editor.default\">\n\t\t\t\t<div class=\"elementor-widget-container\">\n\t\t\t\t\t\t\t\t\tO <strong>Guia das Massagistas<\/strong> \u00e9 uma revista eletr\u00f4nica , com a finalidade de expor ensaios e an\u00fancios \u00a0de Massagistas e Terapeutas\u00a0os quais os visitantes concordam incondicionalmente com os termos abaixo:\r\n<h2><strong>N\u00e3o acesse este site se:<\/strong><\/h2>\r\n&#8211; Voc\u00ea for menor de 18 anos de idade.\r\n&#8211; Em sua cidade, estado ou pa\u00eds o conte\u00fado do mesmo for proibido.\r\n&#8211; Voc\u00ea se sentir ofendido com conte\u00fado.\r\n\r\n<strong>O ANUNCIANTE \u00c9 RESPONS\u00c1VEL POR TODAS INFORMA\u00c7\u00d5ES PUBLICADAS.<\/strong> CASO CONSTATE-SE ALGUMA INFORMA\u00c7\u00c3O INVER\u00cdDICA, \u00a0O GUIA DAS MASSAGISTAS EST\u00c1\u00a0AUTORIZADO A RETIRAR A QUALQUER TEMPO. O GUIA DAS MASSAGISTAS N\u00c3O \u00c9 RESPONS\u00c1VEL OU TEM RELA\u00c7\u00c3O COM QUALQUER SITE QUE TENHA LINKS EXTERNOS A PARTIR DO GUIA DAS MASSAGISTAS.\r\n\r\nO VISTANTE DO SITE, CASO DESEJE ENTRAR EM CONTATO COM ALGUM ANUCIANTE, <strong>DEVER\u00c1 ENTRAR EM CONTATO DIRETAMENTE COM O RESPONS\u00c1VEL DO AN\u00daNCIO, NOS MEIOS DIVULGADOS NO PR\u00d3PRIO AN\u00daNCIO. (TELEFONE , EMAIL, WHATS APP OU WEB SITE).<\/strong>\r\n\r\n<strong>Como veiculador de an\u00fancios advindos de diversos anunciantes e, portanto, n\u00e3o atua como prestador de servi\u00e7os de consultoria ou ainda intermedi\u00e1rio ou participante em nenhum neg\u00f3cio entre os usu\u00e1rios e anunciantes.<\/strong> Dessa forma, o <strong>Guia das Massagistas<\/strong>\u00a0n\u00e3o assume responsabilidade por nenhuma consequ\u00eancia que possa advir de qualquer rela\u00e7\u00e3o entre os usu\u00e1rios e os anunciantes, seja ela direta ou indireta.\r\n\r\nAssim, o <strong>Guia das Massagistas<\/strong> <strong>n\u00e3o \u00e9 respons\u00e1vel por qualquer a\u00e7\u00e3o ou omiss\u00e3o do usu\u00e1rio baseada nas informa\u00e7\u00f5es, an\u00fancios, fotos, v\u00eddeos ou outros materiais veiculados<\/strong> no <strong>Guia das Massagistas<\/strong>. Adicionalmente, o<strong> Guia das Massagistas<\/strong> envida seus melhores esfor\u00e7os para manter o SITE sempre atualizado, preciso e completo, mas n\u00e3o se responsabiliza por imprecis\u00e3o, erro, fraude, inexatid\u00e3o ou diverg\u00eancia nos dados, fotos e v\u00eddeos ou outros materiais relacionados a an\u00fancios ou \u00e0 imprecis\u00e3o das informa\u00e7\u00f5es aqui contidas. Por isto, nos casos em que um ou mais usu\u00e1rios ou algum terceiro inicie qualquer tipo de reclama\u00e7\u00e3o ou a\u00e7\u00e3o legal contra anunciantes ou usu\u00e1rios, todos os envolvidos nas reclama\u00e7\u00f5es ou a\u00e7\u00f5es devem eximir de toda responsabilidade o <strong>Guia das Massagistas<\/strong> e seus funcion\u00e1rios, agentes, oper\u00e1rios, representantes e procuradores.\r\n<p class=\"wysiwyg-text-align-left\"><strong>O Guia das Massagistas<\/strong> <strong>N\u00c3O<\/strong>\u00a0interv\u00e9m na forma\u00e7\u00e3o dos pre\u00e7os dos produtos\/ servi\u00e7os, na entrega e tampouco se responsabiliza pela concretiza\u00e7\u00e3o da compra e venda e\/ou da presta\u00e7\u00e3o dos servi\u00e7os ou qualquer tipo de relacionamento entre o visitante e anunciante.<\/p>\r\n<p class=\"wysiwyg-text-align-left\"><strong>O Usu\u00e1rio reconhece e aceita que o uso do SITE ser\u00e1 feito por sua exclusiva conta, risco e responsabilidade, sendo o acesso ao mesmo livre, sem planos de assinatura ou qualquer cobran\u00e7a ao usu\u00e1rio final.<\/strong><\/p>\r\nTodos os anunciantes presentes no site assinaram a <strong>LICEN\u00c7A PARA USO DE IMAGEM EM INTERNET,<\/strong> comprovando sua idade e autorizando a publica\u00e7\u00e3o de seu an\u00fancio \u00a0com informa\u00e7\u00f5es (nomes art\u00edsticos, telefones, e-mails, dados pessoais e texto descritivo).\r\n\r\nTodas as informa\u00e7\u00f5es disponibilizadas no site <strong>n\u00e3o<\/strong> s\u00e3o de responsabilidade do Guia das Massagistas, \u00a0sendo esses dados fornecidos e de total responsabilidade total pelo Anunciante.\r\n\r\n<strong>O site Guia das Massagistas\u00a0bem como seus respons\u00e1veis, n\u00e3o tem nenhum v\u00ednculo com as massagistas e anunciantes, n\u00e3o sendo respons\u00e1vel ou interessado nas contrata\u00e7\u00f5es, tampouco pelos servi\u00e7os prestados a qualquer t\u00edtulo ou tempo.<\/strong>\r\n\r\n<strong>O Guia das Massagistas<\/strong>\u00a0n\u00e3o tem a inten\u00e7\u00e3o de violar quaisquer direitos autorais sobre o conte\u00fado publicado e respeita o estatuto do menor e do adolescente; n\u00e3o publicar\u00e1 fotos e\/ou an\u00fancios de menores de idade, bem como fotos sem autoriza\u00e7\u00e3o de veicula\u00e7\u00e3o.\r\n<h3><strong>Est\u00e3o expressamente proibidas fotos com nudez completa,ou pornografia explicita.<\/strong><\/h3>\r\n<strong>N\u00e3o somos uma ag\u00eancia de garotas de programa\/acompanhantes e n\u00e3o aprovamos esta conduta!\u00a0<\/strong>\u00a0Nosso objetivo \u00e9 divulgar ensaios de Massagistas\u00a0em S\u00e3o Paulo e \u00a0<strong>nosso contato com O ANUNCIANTE destina-se \u00fanica e exclusivamente para a recep\u00e7\u00e3o e publica\u00e7\u00e3o de suas fotos, funcionando apenas como um book virtual de Massagistas\u00a0em S\u00e3o Paulo.<\/strong>\r\n\r\nCASO DESEJE ANUNCIAR, ENTRE E CONTATO<a href=\"http:\/\/guiadasmassagistas.com.br\/massagem\/anuncie-nesse-site\/\"> AQUI<\/a>. O VALOR DOS AN\u00daNCIOS S\u00c3O MENSAIS, FIXOS, FICANDO O ANUNCIANTE LIVRE A CANCELAR A QUALQUER MOMENTO, POR\u00c9M SEM DEVOLU\u00c7\u00c3O DE VALORES J\u00c1 PAGOS. O ANUNCIANTE DEVER\u00c1 ASSINA UM TERMO DE RESPONSABILIDADE E PROVA DE SER MAIOR DE 18 ANOS.\r\n\r\nO <strong>Guia das Massagistas<\/strong> n\u00e3o ser\u00e1 respons\u00e1vel pela manuten\u00e7\u00e3o dos an\u00fancios, feitos por terceiros (como os que se indicam aqui a t\u00edtulo enunciativo, e em nenhum caso limitativo ou excludente: websites, agregadores, plataformas de pagamento, redes sociais ou blogs) uma vez o an\u00fancio seja exclu\u00eddo da base de dados do <strong>Guia das Massagistas<\/strong>. O\u00a0<strong>Guia das Massagistas\u00a0<\/strong> informa que determinados servidores podem guardar em sua mem\u00f3ria cach\u00ea uma c\u00f3pia das p\u00e1ginas consultadas pelos Usu\u00e1rios no SITE. Esta a\u00e7\u00e3o se realiza com a finalidade exclusiva de melhorar a velocidade de tr\u00e1fego destas p\u00e1ginas.\r\n\r\n&nbsp;\r\n<h2>Quem somos<\/h2>\r\nO endere\u00e7o do nosso site \u00e9: https:\/\/guiadasmassagistas.com.br\/massagem.\r\n<h2>Coment\u00e1rios<\/h2>\r\nQuando os visitantes deixam coment\u00e1rios no site, coletamos os dados mostrados no formul\u00e1rio de coment\u00e1rios, al\u00e9m do endere\u00e7o de IP e de dados do navegador do visitante, para auxiliar na detec\u00e7\u00e3o de spam.\r\n\r\nUma sequ\u00eancia anonimizada de caracteres criada a partir do seu e-mail (tamb\u00e9m chamada de hash) poder\u00e1 ser enviada para o Gravatar para verificar se voc\u00ea usa o servi\u00e7o. A pol\u00edtica de privacidade do Gravatar est\u00e1 dispon\u00edvel aqui: https:\/\/automattic.com\/privacy\/. Depois da aprova\u00e7\u00e3o do seu coment\u00e1rio, a foto do seu perfil fica vis\u00edvel publicamente junto de seu coment\u00e1rio.\r\n<h2>M\u00eddia<\/h2>\r\nSe voc\u00ea envia imagens para o site, evite enviar as que contenham dados de localiza\u00e7\u00e3o incorporados (EXIF GPS). Visitantes podem baixar estas imagens do site e extrair delas seus dados de localiza\u00e7\u00e3o.\r\n<h2>Cookies<\/h2>\r\nAo deixar um coment\u00e1rio no site, voc\u00ea poder\u00e1 optar por salvar seu nome, e-mail e site nos cookies. Isso visa seu conforto, assim voc\u00ea n\u00e3o precisar\u00e1 preencher seus dados novamente quando fizer outro coment\u00e1rio. Estes cookies duram um ano.\r\n\r\nSe voc\u00ea tem uma conta e acessa este site, um cookie tempor\u00e1rio ser\u00e1 criado para determinar se seu navegador aceita cookies. Ele n\u00e3o cont\u00e9m nenhum dado pessoal e ser\u00e1 descartado quando voc\u00ea fechar seu navegador.\r\n\r\nQuando voc\u00ea acessa sua conta no site, tamb\u00e9m criamos v\u00e1rios cookies para salvar os dados da sua conta e suas escolhas de exibi\u00e7\u00e3o de tela. Cookies de login s\u00e3o mantidos por dois dias e cookies de op\u00e7\u00f5es de tela por um ano. Se voc\u00ea selecionar &#8220;Lembrar-me&#8221;, seu acesso ser\u00e1 mantido por duas semanas. Se voc\u00ea se desconectar da sua conta, os cookies de login ser\u00e3o removidos.\r\n\r\nSe voc\u00ea editar ou publicar um artigo, um cookie adicional ser\u00e1 salvo no seu navegador. Este cookie n\u00e3o inclui nenhum dado pessoal e simplesmente indica o ID do post referente ao artigo que voc\u00ea acabou de editar. Ele expira depois de 1 dia.\r\n<h2>M\u00eddia incorporada de outros sites<\/h2>\r\nArtigos neste site podem incluir conte\u00fado incorporado como, por exemplo, v\u00eddeos, imagens, artigos, etc. Conte\u00fados incorporados de outros sites se comportam exatamente da mesma forma como se o visitante estivesse visitando o outro site.\r\n\r\nEstes sites podem coletar dados sobre voc\u00ea, usar cookies, incorporar rastreamento adicional de terceiros e monitorar sua intera\u00e7\u00e3o com este conte\u00fado incorporado, incluindo sua intera\u00e7\u00e3o com o conte\u00fado incorporado se voc\u00ea tem uma conta e est\u00e1 conectado com o site.\r\n<h2>Com quem compartilhamos seus dados<\/h2>\r\nSe voc\u00ea solicitar uma redefini\u00e7\u00e3o de senha, seu endere\u00e7o de IP ser\u00e1 inclu\u00eddo no e-mail de redefini\u00e7\u00e3o de senha.\r\n<h2>Por quanto tempo mantemos os seus dados<\/h2>\r\nSe voc\u00ea deixar um coment\u00e1rio, o coment\u00e1rio e os seus metadados s\u00e3o conservados indefinidamente. Fazemos isso para que seja poss\u00edvel reconhecer e aprovar automaticamente qualquer coment\u00e1rio posterior ao inv\u00e9s de ret\u00ea-lo para modera\u00e7\u00e3o.\r\n\r\nPara usu\u00e1rios que se registram no nosso site (se houver), tamb\u00e9m guardamos as informa\u00e7\u00f5es pessoais que fornecem no seu perfil de usu\u00e1rio. Todos os usu\u00e1rios podem ver, editar ou excluir suas informa\u00e7\u00f5es pessoais a qualquer momento (s\u00f3 n\u00e3o \u00e9 poss\u00edvel alterar o seu username). Os administradores de sites tamb\u00e9m podem ver e editar estas informa\u00e7\u00f5es.\r\n<h2>Quais os seus direitos sobre seus dados<\/h2>\r\nSe voc\u00ea tiver uma conta neste site ou se tiver deixado coment\u00e1rios, pode solicitar um arquivo exportado dos dados pessoais que mantemos sobre voc\u00ea, inclusive quaisquer dados que nos tenha fornecido. Tamb\u00e9m pode solicitar que removamos qualquer dado pessoal que mantemos sobre voc\u00ea. Isto n\u00e3o inclui nenhuns dados que somos obrigados a manter para prop\u00f3sitos administrativos, legais ou de seguran\u00e7a.\r\n<h2>Para onde seus dados s\u00e3o enviados<\/h2>\r\nComent\u00e1rios de visitantes podem ser marcados por um servi\u00e7o autom\u00e1tico de detec\u00e7\u00e3o de spam.\r\n\r\n&nbsp;\r\n\r\n&nbsp;\t\t\t\t\t\t\t\t<\/div>\n\t\t\t\t<\/div>\n\t\t\t\t<div class=\"elementor-element elementor-element-e8b04ce elementor-widget elementor-widget-google_maps\" data-id=\"e8b04ce\" data-element_type=\"widget\" data-e-type=\"widget\" data-widget_type=\"google_maps.default\">\n\t\t\t\t<div class=\"elementor-widget-container\">\n\t\t\t\t\t\t\t<div class=\"elementor-custom-embed\">\n\t\t\t<iframe loading=\"lazy\"\n\t\t\t\t\tsrc=\"https:\/\/maps.google.com\/maps?q=Guia%20das%20massagistas&#038;t=m&#038;z=10&#038;output=embed&#038;iwloc=near\"\n\t\t\t\t\ttitle=\"Guia das massagistas\"\n\t\t\t\t\taria-label=\"Guia das massagistas\"\n\t\t\t><\/iframe>\n\t\t<\/div>\n\t\t\t\t\t\t<\/div>\n\t\t\t\t<\/div>\n\t\t\t\t\t<\/div>\n\t\t<\/div>\n\t\t\t\t\t<\/div>\n\t\t<\/section>\n\t\t<div class=\"elementor-element elementor-element-3f0cff1 e-grid e-con-boxed e-con e-parent\" data-id=\"3f0cff1\" data-element_type=\"container\" data-e-type=\"container\" data-settings=\"{&quot;_ha_eqh_enable&quot;:false}\">\n\t\t\t\t\t<div class=\"e-con-inner\">\n\t\t\t\t\t<\/div>\n\t\t\t\t<\/div>\n\t\t\t\t<\/div>\n\t\t","protected":false},"excerpt":{"rendered":"<p>Clique e Receba Fotos e Novidades pelo WhatsApp O Guia das Massagistas \u00e9 uma revista eletr\u00f4nica , com a finalidade de expor ensaios e an\u00fancios \u00a0de Massagistas e Terapeutas\u00a0os quais os visitantes concordam incondicionalmente com os termos abaixo: N\u00e3o acesse este site se: &#8211; Voc\u00ea for menor de 18 anos de idade. &#8211; Em sua&hellip;&nbsp;<a href=\"https:\/\/guiadasmassagistas.com.br\/massagem\/teste\/guia-das-massagistas-quem-somos-e-termos-de-uso\/\" rel=\"bookmark\">Continue a ler &raquo;<span class=\"screen-reader-text\">Guia das Massagistas &#8211; Quem Somos e Termos de Uso<\/span><\/a><\/p>\n","protected":false},"author":1,"featured_media":0,"parent":71148,"menu_order":2,"comment_status":"closed","ping_status":"closed","template":"","meta":{"_exactmetrics_skip_tracking":false,"_exactmetrics_sitenote_active":false,"_exactmetrics_sitenote_note":"","_exactmetrics_sitenote_category":0,"neve_meta_sidebar":"","neve_meta_container":"","neve_meta_enable_content_width":"off","neve_meta_content_width":100,"neve_meta_title_alignment":"","neve_meta_author_avatar":"","neve_post_elements_order":"","neve_meta_disable_header":"","neve_meta_disable_footer":"","neve_meta_disable_title":"","_joinchat":[],"footnotes":""},"class_list":["post-72210","page","type-page","status-publish","hentry"],"_links":{"self":[{"href":"https:\/\/guiadasmassagistas.com.br\/massagem\/wp-json\/wp\/v2\/pages\/72210","targetHints":{"allow":["GET"]}}],"collection":[{"href":"https:\/\/guiadasmassagistas.com.br\/massagem\/wp-json\/wp\/v2\/pages"}],"about":[{"href":"https:\/\/guiadasmassagistas.com.br\/massagem\/wp-json\/wp\/v2\/types\/page"}],"author":[{"embeddable":true,"href":"https:\/\/guiadasmassagistas.com.br\/massagem\/wp-json\/wp\/v2\/users\/1"}],"replies":[{"embeddable":true,"href":"https:\/\/guiadasmassagistas.com.br\/massagem\/wp-json\/wp\/v2\/comments?post=72210"}],"version-history":[{"count":14,"href":"https:\/\/guiadasmassagistas.com.br\/massagem\/wp-json\/wp\/v2\/pages\/72210\/revisions"}],"predecessor-version":[{"id":85332,"href":"https:\/\/guiadasmassagistas.com.br\/massagem\/wp-json\/wp\/v2\/pages\/72210\/revisions\/85332"}],"up":[{"embeddable":true,"href":"https:\/\/guiadasmassagistas.com.br\/massagem\/wp-json\/wp\/v2\/pages\/71148"}],"wp:attachment":[{"href":"https:\/\/guiadasmassagistas.com.br\/massagem\/wp-json\/wp\/v2\/media?parent=72210"}],"curies":[{"name":"wp","href":"https:\/\/api.w.org\/{rel}","templated":true}]}}